{"id":14,"date":"2019-11-19T14:24:03","date_gmt":"2019-11-19T14:24:03","guid":{"rendered":"https:\/\/woocommerce.wb2.eu\/?page_id=14"},"modified":"2021-02-12T10:11:00","modified_gmt":"2021-02-12T10:11:00","slug":"mentions-legales","status":"publish","type":"page","link":"https:\/\/serichrom.com\/index.php\/mentions-legales\/","title":{"rendered":"Mentions l\u00e9gales"},"content":{"rendered":"\r\n<p class=\"has-text-align-center\"><strong>Soci\u00e9t\u00e9 <\/strong><\/p>\r\n\r\n\r\n\r\n<p class=\"has-text-align-center\">Serichrom sarl<\/p>\r\n\r\n\r\n\r\n<p class=\"has-text-align-center\">6 et 8 passage L\u00e9on Barriol &#8211; 13870 &#8211; Rognonas<\/p>\r\n\r\n\r\n\r\n<p class=\"has-text-align-center\">Capital social : 7500 \u20ac<\/p>\r\n\r\n\r\n\r\n<p class=\"has-text-align-center\">pascal@serichrom-serigraphie.com<\/p>\r\n\r\n\r\n\r\n<p class=\"has-text-align-center\">Tel : 04 90 94 82 10 <\/p>\r\n\r\n\r\n\r\n<p class=\"has-text-align-center\">Siret : 42186952000021  APE : 220Z<\/p>\r\n\r\n\r\n\r\n<p class=\"has-text-align-center\">N\u00b0 TVA intracommunautaire : FR05421869520<\/p>\r\n\r\n\r\n\r\n<hr class=\"wp-block-separator\"\/>\r\n\r\n\r\n\r\n<p class=\"has-text-align-center\"><strong>Responsable de la publication :<\/strong><\/p>\r\n\r\n\r\n\r\n<p class=\"has-text-align-center\">M.Vermersch Pascal<\/p>\r\n\r\n\r\n\r\n<hr class=\"wp-block-separator\"\/>\r\n\r\n","protected":false},"excerpt":{"rendered":"<p>Soci\u00e9t\u00e9 Serichrom sarl 6 et 8 passage L\u00e9on Barriol &#8211; 13870 &#8211; Rognonas Capital social : 7500 \u20ac pascal@serichrom-serigraphie.com Tel : 04 90 94 82 10 Siret : 42186952000021 APE : 220Z N\u00b0 TVA intracommunautaire : FR05421869520 Responsable de la publication : M.Vermersch Pascal<\/p>\n","protected":false},"author":1,"featured_media":0,"parent":0,"menu_order":0,"comment_status":"closed","ping_status":"closed","template":"","meta":{"_et_pb_use_builder":"off","_et_pb_old_content":"","_et_gb_content_width":"","_monsterinsights_skip_tracking":false,"_monsterinsights_sitenote_active":false,"_monsterinsights_sitenote_note":"","_monsterinsights_sitenote_category":0,"footnotes":""},"yoast_head":"<!-- This site is optimized with the Yoast SEO plugin v23.5 - https:\/\/yoast.com\/wordpress\/plugins\/seo\/ -->\n<title>Mentions l\u00e9gales - SERICHROM la ma\u00eetrise de la personnalisation textile<\/title>\n<meta name=\"robots\" content=\"index, follow, max-snippet:-1, max-image-preview:large, max-video-preview:-1\" \/>\n<link rel=\"canonical\" href=\"https:\/\/serichrom.com\/index.php\/mentions-legales\/\" \/>\n<meta property=\"og:locale\" content=\"fr_FR\" \/>\n<meta property=\"og:type\" content=\"article\" \/>\n<meta property=\"og:title\" content=\"Mentions l\u00e9gales - SERICHROM la ma\u00eetrise de la personnalisation textile\" \/>\n<meta property=\"og:description\" content=\"Soci\u00e9t\u00e9 Serichrom sarl 6 et 8 passage L\u00e9on Barriol &#8211; 13870 &#8211; Rognonas Capital social : 7500 \u20ac pascal@serichrom-serigraphie.com Tel : 04 90 94 82 10 Siret : 42186952000021 APE : 220Z N\u00b0 TVA intracommunautaire : FR05421869520 Responsable de la publication : M.Vermersch Pascal\" \/>\n<meta property=\"og:url\" content=\"https:\/\/serichrom.com\/index.php\/mentions-legales\/\" \/>\n<meta property=\"og:site_name\" content=\"SERICHROM la ma\u00eetrise de la personnalisation textile\" \/>\n<meta property=\"article:publisher\" content=\"https:\/\/www.facebook.com\/serichrom\" \/>\n<meta property=\"article:modified_time\" content=\"2021-02-12T10:11:00+00:00\" \/>\n<meta name=\"twitter:card\" content=\"summary_large_image\" \/>\n<script type=\"application\/ld+json\" class=\"yoast-schema-graph\">{\"@context\":\"https:\/\/schema.org\",\"@graph\":[{\"@type\":\"WebPage\",\"@id\":\"https:\/\/serichrom.com\/index.php\/mentions-legales\/\",\"url\":\"https:\/\/serichrom.com\/index.php\/mentions-legales\/\",\"name\":\"Mentions l\u00e9gales - SERICHROM la ma\u00eetrise de la personnalisation textile\",\"isPartOf\":{\"@id\":\"https:\/\/serichrom.com\/#website\"},\"datePublished\":\"2019-11-19T14:24:03+00:00\",\"dateModified\":\"2021-02-12T10:11:00+00:00\",\"breadcrumb\":{\"@id\":\"https:\/\/serichrom.com\/index.php\/mentions-legales\/#breadcrumb\"},\"inLanguage\":\"fr-FR\",\"potentialAction\":[{\"@type\":\"ReadAction\",\"target\":[\"https:\/\/serichrom.com\/index.php\/mentions-legales\/\"]}]},{\"@type\":\"BreadcrumbList\",\"@id\":\"https:\/\/serichrom.com\/index.php\/mentions-legales\/#breadcrumb\",\"itemListElement\":[{\"@type\":\"ListItem\",\"position\":1,\"name\":\"Accueil\",\"item\":\"https:\/\/serichrom.com\/\"},{\"@type\":\"ListItem\",\"position\":2,\"name\":\"Mentions l\u00e9gales\"}]},{\"@type\":\"WebSite\",\"@id\":\"https:\/\/serichrom.com\/#website\",\"url\":\"https:\/\/serichrom.com\/\",\"name\":\"SERICHROM la ma\u00eetrise de la personnalisation textile\",\"description\":\"Les pros de la personnalisation textile \u00e0 votre service\",\"publisher\":{\"@id\":\"https:\/\/serichrom.com\/#organization\"},\"potentialAction\":[{\"@type\":\"SearchAction\",\"target\":{\"@type\":\"EntryPoint\",\"urlTemplate\":\"https:\/\/serichrom.com\/?s={search_term_string}\"},\"query-input\":{\"@type\":\"PropertyValueSpecification\",\"valueRequired\":true,\"valueName\":\"search_term_string\"}}],\"inLanguage\":\"fr-FR\"},{\"@type\":\"Organization\",\"@id\":\"https:\/\/serichrom.com\/#organization\",\"name\":\"Serichrom\",\"url\":\"https:\/\/serichrom.com\/\",\"logo\":{\"@type\":\"ImageObject\",\"inLanguage\":\"fr-FR\",\"@id\":\"https:\/\/serichrom.com\/#\/schema\/logo\/image\/\",\"url\":\"https:\/\/serichrom.com\/wp-content\/uploads\/2020\/03\/Logo-Serichrom-halo.png\",\"contentUrl\":\"https:\/\/serichrom.com\/wp-content\/uploads\/2020\/03\/Logo-Serichrom-halo.png\",\"width\":1422,\"height\":703,\"caption\":\"Serichrom\"},\"image\":{\"@id\":\"https:\/\/serichrom.com\/#\/schema\/logo\/image\/\"},\"sameAs\":[\"https:\/\/www.facebook.com\/serichrom\",\"https:\/\/www.instagram.com\/serichrom_serigraphie_flocage\/?hl=fr\",\"https:\/\/studio.youtube.com\/channel\/UCmcJHW0HYS2kCcVt_o1hZkw\"]}]}<\/script>\n<!-- \/ Yoast SEO plugin. -->","yoast_head_json":{"title":"Mentions l\u00e9gales - SERICHROM la ma\u00eetrise de la personnalisation textile","robots":{"index":"index","follow":"follow","max-snippet":"max-snippet:-1","max-image-preview":"max-image-preview:large","max-video-preview":"max-video-preview:-1"},"canonical":"https:\/\/serichrom.com\/index.php\/mentions-legales\/","og_locale":"fr_FR","og_type":"article","og_title":"Mentions l\u00e9gales - SERICHROM la ma\u00eetrise de la personnalisation textile","og_description":"Soci\u00e9t\u00e9 Serichrom sarl 6 et 8 passage L\u00e9on Barriol &#8211; 13870 &#8211; Rognonas Capital social : 7500 \u20ac pascal@serichrom-serigraphie.com Tel : 04 90 94 82 10 Siret : 42186952000021 APE : 220Z N\u00b0 TVA intracommunautaire : FR05421869520 Responsable de la publication : M.Vermersch Pascal","og_url":"https:\/\/serichrom.com\/index.php\/mentions-legales\/","og_site_name":"SERICHROM la ma\u00eetrise de la personnalisation textile","article_publisher":"https:\/\/www.facebook.com\/serichrom","article_modified_time":"2021-02-12T10:11:00+00:00","twitter_card":"summary_large_image","schema":{"@context":"https:\/\/schema.org","@graph":[{"@type":"WebPage","@id":"https:\/\/serichrom.com\/index.php\/mentions-legales\/","url":"https:\/\/serichrom.com\/index.php\/mentions-legales\/","name":"Mentions l\u00e9gales - SERICHROM la ma\u00eetrise de la personnalisation textile","isPartOf":{"@id":"https:\/\/serichrom.com\/#website"},"datePublished":"2019-11-19T14:24:03+00:00","dateModified":"2021-02-12T10:11:00+00:00","breadcrumb":{"@id":"https:\/\/serichrom.com\/index.php\/mentions-legales\/#breadcrumb"},"inLanguage":"fr-FR","potentialAction":[{"@type":"ReadAction","target":["https:\/\/serichrom.com\/index.php\/mentions-legales\/"]}]},{"@type":"BreadcrumbList","@id":"https:\/\/serichrom.com\/index.php\/mentions-legales\/#breadcrumb","itemListElement":[{"@type":"ListItem","position":1,"name":"Accueil","item":"https:\/\/serichrom.com\/"},{"@type":"ListItem","position":2,"name":"Mentions l\u00e9gales"}]},{"@type":"WebSite","@id":"https:\/\/serichrom.com\/#website","url":"https:\/\/serichrom.com\/","name":"SERICHROM la ma\u00eetrise de la personnalisation textile","description":"Les pros de la personnalisation textile \u00e0 votre service","publisher":{"@id":"https:\/\/serichrom.com\/#organization"},"potentialAction":[{"@type":"SearchAction","target":{"@type":"EntryPoint","urlTemplate":"https:\/\/serichrom.com\/?s={search_term_string}"},"query-input":{"@type":"PropertyValueSpecification","valueRequired":true,"valueName":"search_term_string"}}],"inLanguage":"fr-FR"},{"@type":"Organization","@id":"https:\/\/serichrom.com\/#organization","name":"Serichrom","url":"https:\/\/serichrom.com\/","logo":{"@type":"ImageObject","inLanguage":"fr-FR","@id":"https:\/\/serichrom.com\/#\/schema\/logo\/image\/","url":"https:\/\/serichrom.com\/wp-content\/uploads\/2020\/03\/Logo-Serichrom-halo.png","contentUrl":"https:\/\/serichrom.com\/wp-content\/uploads\/2020\/03\/Logo-Serichrom-halo.png","width":1422,"height":703,"caption":"Serichrom"},"image":{"@id":"https:\/\/serichrom.com\/#\/schema\/logo\/image\/"},"sameAs":["https:\/\/www.facebook.com\/serichrom","https:\/\/www.instagram.com\/serichrom_serigraphie_flocage\/?hl=fr","https:\/\/studio.youtube.com\/channel\/UCmcJHW0HYS2kCcVt_o1hZkw"]}]}},"_links":{"self":[{"href":"https:\/\/serichrom.com\/index.php\/wp-json\/wp\/v2\/pages\/14"}],"collection":[{"href":"https:\/\/serichrom.com\/index.php\/wp-json\/wp\/v2\/pages"}],"about":[{"href":"https:\/\/serichrom.com\/index.php\/wp-json\/wp\/v2\/types\/page"}],"author":[{"embeddable":true,"href":"https:\/\/serichrom.com\/index.php\/wp-json\/wp\/v2\/users\/1"}],"replies":[{"embeddable":true,"href":"https:\/\/serichrom.com\/index.php\/wp-json\/wp\/v2\/comments?post=14"}],"version-history":[{"count":0,"href":"https:\/\/serichrom.com\/index.php\/wp-json\/wp\/v2\/pages\/14\/revisions"}],"wp:attachment":[{"href":"https:\/\/serichrom.com\/index.php\/wp-json\/wp\/v2\/media?parent=14"}],"curies":[{"name":"wp","href":"https:\/\/api.w.org\/{rel}","templated":true}]}}